{"id":301,"date":"2015-07-21T11:55:08","date_gmt":"2015-07-21T11:55:08","guid":{"rendered":"http:\/\/demo.themegrill.com\/himalayas\/?page_id=131"},"modified":"2024-10-17T14:16:37","modified_gmt":"2024-10-17T12:16:37","slug":"front-page","status":"publish","type":"page","link":"https:\/\/teamfuzzy.sk\/","title":{"rendered":"Front Page"},"content":{"rendered":"\n<p>V\u00fdchova a v\u00fdcvik psov.<\/p>\n\n\n\n<p>Od z\u00e1kladnej poslu\u0161nosti a\u017e po pokro\u010dil\u00e9 psie \u0161porty.<\/p>\n\n\n\n<p>Prv\u00fd certifikovan\u00fd Dog Puller tr\u00e9neri na Slovensku.<\/p>\n\n\n\n<p>Sta\u0148 sa najlep\u0161\u00edm par\u0165\u00e1kom pre svojho psa\ud83e\uddcd\ud83d\udc15<\/p>\n\n\n\n<p><\/p>\n","protected":false},"excerpt":{"rendered":"<p>V\u00fdchova a v\u00fdcvik psov. Od z\u00e1kladnej poslu\u0161nosti a\u017e po pokro\u010dil\u00e9 psie \u0161porty. Prv\u00fd certifikovan\u00fd Dog Puller tr\u00e9neri na Slovensku. Sta\u0148 sa najlep\u0161\u00edm par\u0165\u00e1kom pre svojho<\/p>\n","protected":false},"author":1,"featured_media":0,"parent":0,"menu_order":0,"comment_status":"open","ping_status":"open","template":"","meta":{"om_disable_all_campaigns":false,"_monsterinsights_skip_tracking":false,"_monsterinsights_sitenote_active":false,"_monsterinsights_sitenote_note":"","_monsterinsights_sitenote_category":0,"footnotes":""},"class_list":["post-301","page","type-page","status-publish","hentry"],"aioseo_notices":[],"_links":{"self":[{"href":"https:\/\/teamfuzzy.sk\/index.php?rest_route=\/wp\/v2\/pages\/301","targetHints":{"allow":["GET"]}}],"collection":[{"href":"https:\/\/teamfuzzy.sk\/index.php?rest_route=\/wp\/v2\/pages"}],"about":[{"href":"https:\/\/teamfuzzy.sk\/index.php?rest_route=\/wp\/v2\/types\/page"}],"author":[{"embeddable":true,"href":"https:\/\/teamfuzzy.sk\/index.php?rest_route=\/wp\/v2\/users\/1"}],"replies":[{"embeddable":true,"href":"https:\/\/teamfuzzy.sk\/index.php?rest_route=%2Fwp%2Fv2%2Fcomments&post=301"}],"version-history":[{"count":2,"href":"https:\/\/teamfuzzy.sk\/index.php?rest_route=\/wp\/v2\/pages\/301\/revisions"}],"predecessor-version":[{"id":775,"href":"https:\/\/teamfuzzy.sk\/index.php?rest_route=\/wp\/v2\/pages\/301\/revisions\/775"}],"wp:attachment":[{"href":"https:\/\/teamfuzzy.sk\/index.php?rest_route=%2Fwp%2Fv2%2Fmedia&parent=301"}],"curies":[{"name":"wp","href":"https:\/\/api.w.org\/{rel}","templated":true}]}}