{"id":416,"date":"2022-10-06T22:52:03","date_gmt":"2022-10-06T20:52:03","guid":{"rendered":"https:\/\/teamfuzzy.sk\/?page_id=416"},"modified":"2024-09-01T17:04:01","modified_gmt":"2024-09-01T15:04:01","slug":"lexi","status":"publish","type":"page","link":"https:\/\/teamfuzzy.sk\/?page_id=416","title":{"rendered":"Catalin Kiwi-Slovakia &#8222;Lexi&#8220; (2022)"},"content":{"rendered":"<p>Po ve\u013emi dlhom h\u013eadan\u00ed chovnej stanice sme sa nakoniec rozhodli pre chovn\u00fa stanicu Kiwi-Slovakia, ktor\u00e1 ako jedna z m\u00e1la sp\u013a\u0148ala na\u0161e predstavy o pr\u00edstupe k v\u00fdchove a v\u00fdcviku psov. Hne\u010f pri prvej n\u00e1v\u0161teve si n\u00e1s Lexi v podstate vybrala, ke\u010f si Erika sadla na zem vletela jej do n\u00e1ru\u010dia a u\u017e nechcela od\u00eds\u0165. Toto sa opakovalo pri v\u0161etk\u00fdch n\u00e1v\u0161tev\u00e1ch a my sme vedeli, \u017ee bude na\u0161a. Do svorky sa za\u010dlenila ve\u013emi r\u00fdchlo a s Fuzzym s\u00fa ve\u013ek\u00fd part\u00e1ci.\u00a0<\/p>\n<p>Lexi si ob\u013e\u00fabila Puller nato\u013eko, \u017ee u\u017e od jej 5 mesiacov sa z\u00fa\u010dast\u0148ujeme Dog Puller pretekov doma ako aj v zahrani\u010d\u00ed, kde zbierame mno\u017etvo ocenen\u00ed. K najv\u00fdzanmnej\u0161\u00edm je \u00faspechom patri titul Majstra Slovenska Dog Puller v Dicscipl\u00edne Runing a Jumping v kateg\u00f3rii Puppy. Majster Eur\u00f3py v Jumpingu a 2.VIecemajters svta v runningu v kateg\u00f3rii Puppy. \u00da\u010dastn\u00edk na Majstrovstv\u00e1ch sveta Dog Puller 2023.<\/p>\n<p>V roku 2024 Lexi si odniesla mno\u017estvo p\u00f3diov\u00fdch umiestnen\u00ed v Dog Pullery. Najv\u00fdznamnej\u0161\u00edm je 3 mieste na preteku v Ma\u010farsku kde sa z\u00fa\u010dastnilo 25 psov v jej kateg\u00f3rii a lexi si vysk\u00e1kala 3 miesto v Jumpingu. V Auguste 2024 si odniesla aj titul Majstra Slovenska v Discipl\u00edne Running a Jumping v kateg\u00f3rii Maxi.<\/p>\n<p>V roku 2024 sme sa z\u00fa\u010dastnili \u010desk\u00e9ho Hard Dog race a \u00faspe\u0161ne dobehli do finishu bez jedinn\u00e9ho trestn\u00e9ho drepu.<\/p>\n<p>Ok\u00fasili sme p\u00e1r v\u00fdstav ale k najv\u00fdznamnej\u0161\u00edm patr\u00ed Kubov\u00e1 v\u00fdstava Belgick\u00fdch ov\u010diakov d\u0148a 08.06.2024 so zn\u00e1mkou V3 v triede strednej.\u00a0<\/p>\n\n\n<figure class=\"wp-block-gallery has-nested-images columns-3 is-cropped wp-block-gallery-1 is-layout-flex wp-block-gallery-is-layout-flex\">\n<figure class=\"wp-block-image size-full is-style-default\"><img loading=\"lazy\" decoding=\"async\" width=\"1728\" height=\"2304\" data-id=\"570\" src=\"https:\/\/teamfuzzy.sk\/wp-content\/uploads\/2023\/03\/IMG_1046-edited.jpg\" alt=\"Catalin Kiwi-Slovakia \u201eLexi\u201c  17.11.2022\" class=\"wp-image-570\" srcset=\"https:\/\/teamfuzzy.sk\/wp-content\/uploads\/2023\/03\/IMG_1046-edited.jpg 1728w, https:\/\/teamfuzzy.sk\/wp-content\/uploads\/2023\/03\/IMG_1046-edited-225x300.jpg 225w, https:\/\/teamfuzzy.sk\/wp-content\/uploads\/2023\/03\/IMG_1046-edited-768x1024.jpg 768w, https:\/\/teamfuzzy.sk\/wp-content\/uploads\/2023\/03\/IMG_1046-edited-1152x1536.jpg 1152w, https:\/\/teamfuzzy.sk\/wp-content\/uploads\/2023\/03\/IMG_1046-edited-1536x2048.jpg 1536w\" sizes=\"auto, (max-width: 1728px) 100vw, 1728px\" \/><figcaption class=\"wp-element-caption\">Catalin Kiwi-Slovakia \u201eLexi\u201c  17.11.2022<\/figcaption><\/figure>\n\n\n\n<figure class=\"wp-block-image size-full is-style-default\"><img loading=\"lazy\" decoding=\"async\" width=\"1920\" height=\"2560\" data-id=\"557\" src=\"https:\/\/teamfuzzy.sk\/wp-content\/uploads\/2023\/03\/IMG_3123-scaled.jpg\" alt=\"Catalin Kiwi-Slovakia \u201eLexi\u201c a Fuzzy 28.11.2022\" class=\"wp-image-557\" srcset=\"https:\/\/teamfuzzy.sk\/wp-content\/uploads\/2023\/03\/IMG_3123-scaled.jpg 1920w, https:\/\/teamfuzzy.sk\/wp-content\/uploads\/2023\/03\/IMG_3123-225x300.jpg 225w, https:\/\/teamfuzzy.sk\/wp-content\/uploads\/2023\/03\/IMG_3123-768x1024.jpg 768w, https:\/\/teamfuzzy.sk\/wp-content\/uploads\/2023\/03\/IMG_3123-1152x1536.jpg 1152w, https:\/\/teamfuzzy.sk\/wp-content\/uploads\/2023\/03\/IMG_3123-1536x2048.jpg 1536w\" sizes=\"auto, (max-width: 1920px) 100vw, 1920px\" \/><figcaption class=\"wp-element-caption\">Catalin Kiwi-Slovakia \u201eLexi\u201c a Fuzzy 28.11.2022<\/figcaption><\/figure>\n\n\n\n<figure class=\"wp-block-image size-full is-style-default\"><img loading=\"lazy\" decoding=\"async\" width=\"1706\" height=\"2560\" data-id=\"753\" src=\"http:\/\/teamfuzzy.sk\/wp-content\/uploads\/2024\/06\/DSC09156-scaled.jpg\" alt=\"\" class=\"wp-image-753\" srcset=\"https:\/\/teamfuzzy.sk\/wp-content\/uploads\/2024\/06\/DSC09156-scaled.jpg 1706w, https:\/\/teamfuzzy.sk\/wp-content\/uploads\/2024\/06\/DSC09156-200x300.jpg 200w, https:\/\/teamfuzzy.sk\/wp-content\/uploads\/2024\/06\/DSC09156-683x1024.jpg 683w, https:\/\/teamfuzzy.sk\/wp-content\/uploads\/2024\/06\/DSC09156-768x1152.jpg 768w, https:\/\/teamfuzzy.sk\/wp-content\/uploads\/2024\/06\/DSC09156-1024x1536.jpg 1024w, https:\/\/teamfuzzy.sk\/wp-content\/uploads\/2024\/06\/DSC09156-1365x2048.jpg 1365w\" sizes=\"auto, (max-width: 1706px) 100vw, 1706px\" \/><figcaption class=\"wp-element-caption\">Catalin Kiwi-Slovakia \u201eLexi\u201c  22.06.2024<\/figcaption><\/figure>\n\n\n\n<figure class=\"wp-block-image size-full is-style-default\"><img loading=\"lazy\" decoding=\"async\" width=\"1920\" height=\"2560\" data-id=\"554\" src=\"https:\/\/teamfuzzy.sk\/wp-content\/uploads\/2023\/03\/FullSizeRender-scaled.jpg\" alt=\"V\u00fdstava NITRADOG 18.02.2023\" class=\"wp-image-554\" srcset=\"https:\/\/teamfuzzy.sk\/wp-content\/uploads\/2023\/03\/FullSizeRender-scaled.jpg 1920w, https:\/\/teamfuzzy.sk\/wp-content\/uploads\/2023\/03\/FullSizeRender-225x300.jpg 225w, https:\/\/teamfuzzy.sk\/wp-content\/uploads\/2023\/03\/FullSizeRender-768x1024.jpg 768w, https:\/\/teamfuzzy.sk\/wp-content\/uploads\/2023\/03\/FullSizeRender-1152x1536.jpg 1152w, https:\/\/teamfuzzy.sk\/wp-content\/uploads\/2023\/03\/FullSizeRender-1536x2048.jpg 1536w\" sizes=\"auto, (max-width: 1920px) 100vw, 1920px\" \/><figcaption class=\"wp-element-caption\">V\u00fdstava NITRADOG 18.02.2023<\/figcaption><\/figure>\n\n\n\n<figure class=\"wp-block-image size-full is-style-default\"><img loading=\"lazy\" decoding=\"async\" width=\"2560\" height=\"1707\" data-id=\"756\" src=\"http:\/\/teamfuzzy.sk\/wp-content\/uploads\/2024\/06\/IMG_8158-scaled.jpg\" alt=\"\" class=\"wp-image-756\" srcset=\"https:\/\/teamfuzzy.sk\/wp-content\/uploads\/2024\/06\/IMG_8158-scaled.jpg 2560w, https:\/\/teamfuzzy.sk\/wp-content\/uploads\/2024\/06\/IMG_8158-300x200.jpg 300w, https:\/\/teamfuzzy.sk\/wp-content\/uploads\/2024\/06\/IMG_8158-1024x683.jpg 1024w, https:\/\/teamfuzzy.sk\/wp-content\/uploads\/2024\/06\/IMG_8158-768x512.jpg 768w, https:\/\/teamfuzzy.sk\/wp-content\/uploads\/2024\/06\/IMG_8158-1536x1024.jpg 1536w, https:\/\/teamfuzzy.sk\/wp-content\/uploads\/2024\/06\/IMG_8158-2048x1366.jpg 2048w\" sizes=\"auto, (max-width: 2560px) 100vw, 2560px\" \/><figcaption class=\"wp-element-caption\">Catalin Kiwi-Slovakia \u201eLexi\u201c  08.05.2024<\/figcaption><\/figure>\n\n\n\n<figure class=\"wp-block-image size-full\"><img loading=\"lazy\" decoding=\"async\" width=\"2560\" height=\"1706\" data-id=\"759\" src=\"http:\/\/teamfuzzy.sk\/wp-content\/uploads\/2024\/06\/DSC09567-scaled.jpg\" alt=\"\" class=\"wp-image-759\" srcset=\"https:\/\/teamfuzzy.sk\/wp-content\/uploads\/2024\/06\/DSC09567-scaled.jpg 2560w, https:\/\/teamfuzzy.sk\/wp-content\/uploads\/2024\/06\/DSC09567-300x200.jpg 300w, https:\/\/teamfuzzy.sk\/wp-content\/uploads\/2024\/06\/DSC09567-1024x682.jpg 1024w, https:\/\/teamfuzzy.sk\/wp-content\/uploads\/2024\/06\/DSC09567-768x512.jpg 768w, https:\/\/teamfuzzy.sk\/wp-content\/uploads\/2024\/06\/DSC09567-1536x1024.jpg 1536w, https:\/\/teamfuzzy.sk\/wp-content\/uploads\/2024\/06\/DSC09567-2048x1365.jpg 2048w\" sizes=\"auto, (max-width: 2560px) 100vw, 2560px\" \/><figcaption class=\"wp-element-caption\">Catalin Kiwi-Slovakia \u201eLexi\u201c a Erika  02.06.2024<\/figcaption><\/figure>\n<\/figure>\n\n\n\n<p><\/p>\n\n\n\n<div class=\"about-btn\"> <a href=\"https:\/\/teamfuzzy.sk\/?customize_changeset_uuid=9d4c1766-c535-4d65-89d7-acf96a7097ee#team\">nasp\u00e4\u0165<\/a><\/div>\n","protected":false},"excerpt":{"rendered":"<p>Po ve\u013emi dlhom h\u013eadan\u00ed chovnej stanice sme sa nakoniec rozhodli pre chovn\u00fa stanicu Kiwi-Slovakia, ktor\u00e1 ako jedna z m\u00e1la sp\u013a\u0148ala na\u0161e predstavy o pr\u00edstupe k<\/p>\n","protected":false},"author":1,"featured_media":741,"parent":0,"menu_order":4,"comment_status":"closed","ping_status":"closed","template":"page-templates\/template-team.php","meta":{"om_disable_all_campaigns":false,"_monsterinsights_skip_tracking":false,"_monsterinsights_sitenote_active":false,"_monsterinsights_sitenote_note":"","_monsterinsights_sitenote_category":0,"footnotes":""},"class_list":["post-416","page","type-page","status-publish","has-post-thumbnail","hentry"],"aioseo_notices":[],"_links":{"self":[{"href":"https:\/\/teamfuzzy.sk\/index.php?rest_route=\/wp\/v2\/pages\/416","targetHints":{"allow":["GET"]}}],"collection":[{"href":"https:\/\/teamfuzzy.sk\/index.php?rest_route=\/wp\/v2\/pages"}],"about":[{"href":"https:\/\/teamfuzzy.sk\/index.php?rest_route=\/wp\/v2\/types\/page"}],"author":[{"embeddable":true,"href":"https:\/\/teamfuzzy.sk\/index.php?rest_route=\/wp\/v2\/users\/1"}],"replies":[{"embeddable":true,"href":"https:\/\/teamfuzzy.sk\/index.php?rest_route=%2Fwp%2Fv2%2Fcomments&post=416"}],"version-history":[{"count":5,"href":"https:\/\/teamfuzzy.sk\/index.php?rest_route=\/wp\/v2\/pages\/416\/revisions"}],"predecessor-version":[{"id":768,"href":"https:\/\/teamfuzzy.sk\/index.php?rest_route=\/wp\/v2\/pages\/416\/revisions\/768"}],"wp:featuredmedia":[{"embeddable":true,"href":"https:\/\/teamfuzzy.sk\/index.php?rest_route=\/wp\/v2\/media\/741"}],"wp:attachment":[{"href":"https:\/\/teamfuzzy.sk\/index.php?rest_route=%2Fwp%2Fv2%2Fmedia&parent=416"}],"curies":[{"name":"wp","href":"https:\/\/api.w.org\/{rel}","templated":true}]}}