{"id":51,"date":"2015-07-20T10:47:34","date_gmt":"2015-07-20T10:47:34","guid":{"rendered":"http:\/\/demo.themegrill.com\/himalayas\/?page_id=51"},"modified":"2025-01-15T12:46:41","modified_gmt":"2025-01-15T11:46:41","slug":"robust-features-2","status":"publish","type":"page","link":"https:\/\/teamfuzzy.sk\/?page_id=51","title":{"rendered":"Rally obedience"},"content":{"rendered":"<p><strong>Rally Obedience<\/strong> je kynologick\u00fd \u0161port, kde pes a jeho psovod spolo\u010dne prech\u00e1dzaj\u00fa park\u00farom a plnia r\u00f4zne \u00falohy pod\u013ea in\u0161trukci\u00ed na kart\u00e1ch. \ud83c\udccf Tento \u0161port zlep\u0161uje spolupr\u00e1cu a buduje pevn\u00e9 puto medzi vami a va\u0161\u00edm \u0161tvornoh\u00fdm par\u0165\u00e1kom!<\/p>\n<p>Tr\u00e9ningy prebiehaj\u00fa pod\u013ea n\u00e1rodn\u00e9ho sk\u00fa\u0161obn\u00e9ho poriadku a s\u00fa vhodn\u00e9 pre v\u0161etk\u00fdch psov bez oh\u013eadu na vek alebo plemeno. Tento \u0161port je ide\u00e1lny pre ka\u017ed\u00e9ho, kto chce tr\u00e1vi\u0165 \u010das akt\u00edvne a budova\u0165 vz\u0165ah so svoj\u00edm psom.<\/p>\n<p><strong>V\u00fdkonnostn\u00e9 triedy<\/strong>:<\/p>\n<ul>\n<li style=\"font-weight: 400;\" aria-level=\"1\">\n<p><strong>ROZ (Z\u00e1kladn\u00e1)<\/strong>: \u00davodn\u00e1 trieda pre za\u010diato\u010dn\u00edkov, kde sa t\u00edmy u\u010dia z\u00e1kladn\u00e9 prvky a cviky.<\/p>\n<\/li>\n<li style=\"font-weight: 400;\" aria-level=\"1\">\n<p><strong>RO1, RO2, RO3<\/strong>: Postupne n\u00e1ro\u010dnej\u0161ie v\u00fdkonnostn\u00e9 triedy, ktor\u00e9 preveria prec\u00edznos\u0165, r\u00fdchlos\u0165 a s\u00fahru t\u00edmu.<\/p>\n<\/li>\n<li style=\"font-weight: 400;\" aria-level=\"1\">\n<p><strong>ROS<\/strong> (Trieda pre seniorov): Navrhnut\u00e1 pre star\u0161\u00edch psov, s oh\u013eadom na ich mo\u017enosti a pohodlie.<\/p>\n<\/li>\n<li style=\"font-weight: 400;\" aria-level=\"1\">\n<p><strong>Ml\u00e1de\u017e:<\/strong> Mlad\u00ed psovodi (od 12 rokov) m\u00f4\u017eu s\u00fa\u0165a\u017ei\u0165 v akejko\u013evek v\u00fdkonnostnej triede, pod\u013ea svojich schopnost\u00ed a sk\u00fasenost\u00ed. Tento \u0161port je skvelou pr\u00edle\u017eitos\u0165ou pre deti a t\u00edned\u017eerov, ako sa nau\u010di\u0165 zodpovednosti a budova\u0165 vz\u0165ah so svoj\u00edm psom.<\/p>\n<\/li>\n<\/ul>\n<p><strong>Pre\u010do si vybra\u0165 Rally Obedience?<\/strong><\/p>\n<ul>\n<li style=\"font-weight: 400;\" aria-level=\"1\">\n<p><em>Univerz\u00e1lnos\u0165<\/em>: \u0160port je vhodn\u00fd pre v\u0161etky plemen\u00e1 psov aj psovodov od 12 rokov.<\/p>\n<\/li>\n<li style=\"font-weight: 400;\" aria-level=\"1\">\n<p><em>Spolupr\u00e1ca<\/em>: Buduje d\u00f4veru, porozumenie a pevn\u00e9 puto medzi psovodom a psom.<\/p>\n<\/li>\n<li style=\"font-weight: 400;\" aria-level=\"1\">\n<p><em>Rozvoj:<\/em> Umo\u017e\u0148uje zlep\u0161ova\u0165 poslu\u0161nos\u0165 a u\u010denie z\u00e1bavn\u00fdm sp\u00f4sobom.<\/p>\n<\/li>\n<li style=\"font-weight: 400;\" aria-level=\"1\">\n<p><em>Komunita<\/em>: Skvel\u00fd sp\u00f4sob, ako stretn\u00fa\u0165 \u010fal\u0161\u00edch milovn\u00edkov psov a pr\u00edpadne sa zapoji\u0165 do s\u00fa\u0165a\u017e\u00ed.<\/p>\n<\/li>\n<\/ul>\n<p>Pridajte sa k n\u00e1m a spoznajte \u010daro Rally Obedience\u00a0 \u0161portu, ktor\u00fd prin\u00e1\u0161a rados\u0165, rozv\u00edja schopnosti a posil\u0148uje priate\u013estvo medzi vami a va\u0161\u00edm \u0161tvornoh\u00fdm spolo\u010dn\u00edkom!<\/p>\n<p><br style=\"font-weight: 400;\" \/><br \/><\/p>\n\n\n<div class=\"about-btn\"> <a href=\"https:\/\/teamfuzzy.sk\/#services\">nasp\u00e4\u0165<\/a><\/div>\n","protected":false},"excerpt":{"rendered":"<p>Rally Obedience je kynologick\u00fd \u0161port, kde pes a jeho psovod spolo\u010dne prech\u00e1dzaj\u00fa park\u00farom a plnia r\u00f4zne \u00falohy pod\u013ea in\u0161trukci\u00ed na kart\u00e1ch. \ud83c\udccf Tento \u0161port zlep\u0161uje<\/p>\n","protected":false},"author":1,"featured_media":841,"parent":0,"menu_order":0,"comment_status":"closed","ping_status":"open","template":"page-templates\/template-services.php","meta":{"om_disable_all_campaigns":false,"_monsterinsights_skip_tracking":false,"_monsterinsights_sitenote_active":false,"_monsterinsights_sitenote_note":"","_monsterinsights_sitenote_category":0,"footnotes":""},"class_list":["post-51","page","type-page","status-publish","has-post-thumbnail","hentry"],"aioseo_notices":[],"_links":{"self":[{"href":"https:\/\/teamfuzzy.sk\/index.php?rest_route=\/wp\/v2\/pages\/51","targetHints":{"allow":["GET"]}}],"collection":[{"href":"https:\/\/teamfuzzy.sk\/index.php?rest_route=\/wp\/v2\/pages"}],"about":[{"href":"https:\/\/teamfuzzy.sk\/index.php?rest_route=\/wp\/v2\/types\/page"}],"author":[{"embeddable":true,"href":"https:\/\/teamfuzzy.sk\/index.php?rest_route=\/wp\/v2\/users\/1"}],"replies":[{"embeddable":true,"href":"https:\/\/teamfuzzy.sk\/index.php?rest_route=%2Fwp%2Fv2%2Fcomments&post=51"}],"version-history":[{"count":6,"href":"https:\/\/teamfuzzy.sk\/index.php?rest_route=\/wp\/v2\/pages\/51\/revisions"}],"predecessor-version":[{"id":845,"href":"https:\/\/teamfuzzy.sk\/index.php?rest_route=\/wp\/v2\/pages\/51\/revisions\/845"}],"wp:featuredmedia":[{"embeddable":true,"href":"https:\/\/teamfuzzy.sk\/index.php?rest_route=\/wp\/v2\/media\/841"}],"wp:attachment":[{"href":"https:\/\/teamfuzzy.sk\/index.php?rest_route=%2Fwp%2Fv2%2Fmedia&parent=51"}],"curies":[{"name":"wp","href":"https:\/\/api.w.org\/{rel}","templated":true}]}}