{"id":52,"date":"2015-07-20T10:48:26","date_gmt":"2015-07-20T10:48:26","guid":{"rendered":"http:\/\/demo.themegrill.com\/himalayas\/?page_id=52"},"modified":"2023-06-06T20:05:52","modified_gmt":"2023-06-06T18:05:52","slug":"parallax-effect","status":"publish","type":"page","link":"https:\/\/teamfuzzy.sk\/?page_id=52","title":{"rendered":"Z\u00e1kladn\u00e1 poslu\u0161nos\u0165"},"content":{"rendered":"<p>Z\u00e1kladn\u00e1 poslu\u0161nos\u0165 je d\u00f4le\u017eit\u00e1 s\u00fa\u010das\u0165 v\u00fdchovy a tr\u00e9ningu psov. Pom\u00e1ha vytvori\u0165 spo\u013eahliv\u00fd a harmonick\u00fd vz\u0165ah medzi p\u00e1nom a psom, zabezpe\u010duje bezpe\u010dnos\u0165 a umo\u017e\u0148uje lep\u0161iu komunik\u00e1ciu medzi nimi.<\/p>\n<p>Existuje nieko\u013eko k\u013e\u00fa\u010dov\u00fdch prvkov z\u00e1kladnej poslu\u0161nosti, na ktor\u00fdch sa majitelia psov zameriavaj\u00fa pri tr\u00e9ningu svojich psov:<\/p>\n<p>1. Privolanie: Pes by mal by\u0165 schopn\u00fd spo\u013eahlivo reagova\u0165 na volanie svojho majite\u013ea. Toto je d\u00f4le\u017eit\u00e9 pre ich bezpe\u010dnos\u0165 a umo\u017e\u0148uje im slobodn\u00e9 pohybovanie na verejn\u00fdch miestach.<\/p>\n<p>2. Sed: Pri povele &#8222;sadni&#8220; pes by mal okam\u017eite sadn\u00fa\u0165 a zosta\u0165 v tejto poz\u00edcii, k\u00fdm mu majite\u013e ned\u00e1 in\u00fd povel. Toto je u\u017eito\u010dn\u00e9 pri r\u00f4znych situ\u00e1ci\u00e1ch, ako napr\u00edklad stret s in\u00fdmi \u013eu\u010fmi alebo zvieratami.<\/p>\n<p>3. \u013dah: Pes by mal by\u0165 schopn\u00fd \u013eahn\u00fa\u0165 si na povel a zosta\u0165 v tejto poz\u00edcii, k\u00fdm mu majite\u013e ned\u00e1 in\u00fd povel. Toto je u\u017eito\u010dn\u00e9 napr\u00edklad pri n\u00e1v\u0161teve veterin\u00e1ra alebo pri r\u00f4znych tr\u00e9ningov\u00fdch cvi\u010deniach.<\/p>\n<p>4. Ch\u00f4dza na vod\u00edtku: Pes by mal vedie\u0165 spr\u00e1vne chodi\u0165 na vod\u00edtku bez \u0165ahania alebo vlekania sa. Je to d\u00f4le\u017eit\u00e9 pre bezpe\u010dn\u00fa a pr\u00edjemn\u00fa prech\u00e1dzku spolu s majite\u013eom.<\/p>\n<p>5. Povel &#8222;pus\u0165&#8220;: Tento povel sl\u00fa\u017ei na to, aby pes pustil objekt, ktor\u00fd m\u00e1 v pysku, napr\u00edklad lopti\u010dku alebo hra\u010dku. Je to d\u00f4le\u017eit\u00e9 pre kontrolu a bezpe\u010dnos\u0165, aby pes ne\u017euval nebezpe\u010dn\u00e9 alebo nevhodn\u00e9 predmety.<\/p>\n<p>Z\u00e1kladn\u00e1 poslu\u0161nos\u0165 je proces, ktor\u00fd vy\u017eaduje trpezlivos\u0165, konzistenciu a pozit\u00edvne posil\u0148ovanie. Je d\u00f4le\u017eit\u00e9, aby majitelia psov tr\u00e9novali svojich psov s l\u00e1skou a porozumen\u00edm, aby vytvorili pevn\u00fd a d\u00f4verov\u00fd vz\u0165ah so svojimi ps\u00edkmi.<\/p>\n\n\n<div class=\"about-btn\"> <a href=\"https:\/\/teamfuzzy.sk\/#services\">nasp\u00e4\u0165<\/a><\/div>\n","protected":false},"excerpt":{"rendered":"<p>Z\u00e1kladn\u00e1 poslu\u0161nos\u0165 je d\u00f4le\u017eit\u00e1 s\u00fa\u010das\u0165 v\u00fdchovy a tr\u00e9ningu psov. Pom\u00e1ha vytvori\u0165 spo\u013eahliv\u00fd a harmonick\u00fd vz\u0165ah medzi p\u00e1nom a psom, zabezpe\u010duje bezpe\u010dnos\u0165 a umo\u017e\u0148uje lep\u0161iu komunik\u00e1ciu<\/p>\n","protected":false},"author":1,"featured_media":379,"parent":0,"menu_order":0,"comment_status":"closed","ping_status":"open","template":"page-templates\/template-services.php","meta":{"om_disable_all_campaigns":false,"_monsterinsights_skip_tracking":false,"_monsterinsights_sitenote_active":false,"_monsterinsights_sitenote_note":"","_monsterinsights_sitenote_category":0,"footnotes":""},"class_list":["post-52","page","type-page","status-publish","has-post-thumbnail","hentry"],"aioseo_notices":[],"_links":{"self":[{"href":"https:\/\/teamfuzzy.sk\/index.php?rest_route=\/wp\/v2\/pages\/52","targetHints":{"allow":["GET"]}}],"collection":[{"href":"https:\/\/teamfuzzy.sk\/index.php?rest_route=\/wp\/v2\/pages"}],"about":[{"href":"https:\/\/teamfuzzy.sk\/index.php?rest_route=\/wp\/v2\/types\/page"}],"author":[{"embeddable":true,"href":"https:\/\/teamfuzzy.sk\/index.php?rest_route=\/wp\/v2\/users\/1"}],"replies":[{"embeddable":true,"href":"https:\/\/teamfuzzy.sk\/index.php?rest_route=%2Fwp%2Fv2%2Fcomments&post=52"}],"version-history":[{"count":5,"href":"https:\/\/teamfuzzy.sk\/index.php?rest_route=\/wp\/v2\/pages\/52\/revisions"}],"predecessor-version":[{"id":691,"href":"https:\/\/teamfuzzy.sk\/index.php?rest_route=\/wp\/v2\/pages\/52\/revisions\/691"}],"wp:featuredmedia":[{"embeddable":true,"href":"https:\/\/teamfuzzy.sk\/index.php?rest_route=\/wp\/v2\/media\/379"}],"wp:attachment":[{"href":"https:\/\/teamfuzzy.sk\/index.php?rest_route=%2Fwp%2Fv2%2Fmedia&parent=52"}],"curies":[{"name":"wp","href":"https:\/\/api.w.org\/{rel}","templated":true}]}}