{"id":53,"date":"2015-07-20T10:49:58","date_gmt":"2015-07-20T10:49:58","guid":{"rendered":"http:\/\/demo.themegrill.com\/himalayas\/?page_id=53"},"modified":"2024-06-27T13:23:43","modified_gmt":"2024-06-27T11:23:43","slug":"one-page-menu","status":"publish","type":"page","link":"https:\/\/teamfuzzy.sk\/?page_id=53","title":{"rendered":"Dog Puller \u0161port"},"content":{"rendered":"<p>Dog Puller je \u0161port, ktor\u00fd sa vyvinul zo z\u00e1kladn\u00fdch princ\u00edpov behu a sk\u00e1kania pre psov. Ide o modern\u00fd a inovat\u00edvny tr\u00e9ningov\u00fd \u0161port pre psov, ktor\u00fd je z\u00e1bavn\u00fd a prospe\u0161n\u00fd pre fyzick\u00fa kond\u00edciu a du\u0161evn\u00fa pohodu psa.<\/p>\n<p>Hlavn\u00fdm n\u00e1strojom pou\u017e\u00edvan\u00fdm pri Dog Pulleri je \u0161peci\u00e1lna hra\u010dka, naz\u00fdvan\u00e1 Puller. T\u00e1to hra\u010dka je vyroben\u00e1 z m\u00e4kkej, ale odolnej gumy, ktor\u00e1 je vhodn\u00e1 pre psy r\u00f4znych ve\u013ekost\u00ed a plemien. Tvar kruhu umo\u017e\u0148uje jeho kot\u00fa\u013eanie a \u013eahko sa psovi chyt\u00e1.<\/p>\n<p>Samotn\u00fd \u0161port Dog Puller je zalo\u017een\u00fd na s\u00e9rii cvi\u010den\u00ed a s\u00fa\u0165a\u017e\u00ed medzi psovodmi a ich psami. Cie\u013eom je, aby pes \u010do najr\u00fdchlej\u0161ie a efekt\u00edvne zvl\u00e1dol r\u00f4zne \u00falohy s Pullerom. Cvi\u010denia zah\u0155\u0148aj\u00fa beh za Pullerom, jeho nosenie a chytanie ho v skoku.\u00a0<\/p>\n<p>Dog Puller m\u00e1 mnoho v\u00fdhod pre psov aj ich majite\u013eov. Okrem toho, \u017ee je to vynikaj\u00faci sp\u00f4sob, ako udr\u017eiava\u0165 psa v dobrej fyzickej kond\u00edcii, posil\u0148uje aj vz\u0165ah medzi psovodom a psom. Navy\u0161e, Dog Puller m\u00f4\u017ee by\u0165 vynikaj\u00facim sp\u00f4sobom, ako stimulova\u0165 a zamestna\u0165 psa, \u010d\u00edm sa predch\u00e1dza ne\u017eiaducemu spr\u00e1vaniu z nudy.<\/p>\n<p>Dog Puller sa st\u00e1va ob\u013e\u00faben\u00fdm \u0161portom pre psov po celom svete. Organizuj\u00fa sa aj medzin\u00e1rodn\u00e9 s\u00fa\u0165a\u017ee, kde t\u00ed najlep\u0161\u00ed s\u00fa\u0165a\u017eiaci maj\u00fa \u0161ancu uk\u00e1za\u0165 svoje zru\u010dnosti a r\u00fdchlos\u0165 v ovl\u00e1dan\u00ed Pullera.<\/p>\n<p>V z\u00e1vere\u010dnom hodnoten\u00ed je Dog Puller z\u00e1bavn\u00fd a stimuluj\u00faci \u0161port pre psov, ktor\u00fd prin\u00e1\u0161a v\u00fdhody pre psa aj jeho majite\u013ea. Ak h\u013ead\u00e1te nov\u00fd sp\u00f4sob, ako str\u00e1vi\u0165 \u010das so svoj\u00edm psom a posilni\u0165 vz\u00e1jomn\u00fd vz\u0165ah, m\u00f4\u017ee by\u0165 Dog Puller skvelou vo\u013ebou. Vysk\u00fa\u0161ajte ho a uvid\u00edte, ako v\u00e1\u0161 pes za\u010dne ma\u0165 rados\u0165 z tohto nov\u00e9ho \u0161portu!<\/p>\n\n\n<div class=\"about-btn\"> <a href=\"https:\/\/teamfuzzy.sk\/#services\">nasp\u00e4\u0165<\/a><\/div>\n","protected":false},"excerpt":{"rendered":"<p>Dog Puller je \u0161port, ktor\u00fd sa vyvinul zo z\u00e1kladn\u00fdch princ\u00edpov behu a sk\u00e1kania pre psov. Ide o modern\u00fd a inovat\u00edvny tr\u00e9ningov\u00fd \u0161port pre psov, ktor\u00fd<\/p>\n","protected":false},"author":1,"featured_media":759,"parent":0,"menu_order":0,"comment_status":"closed","ping_status":"closed","template":"page-templates\/template-services.php","meta":{"om_disable_all_campaigns":false,"_monsterinsights_skip_tracking":false,"_monsterinsights_sitenote_active":false,"_monsterinsights_sitenote_note":"","_monsterinsights_sitenote_category":0,"footnotes":""},"class_list":["post-53","page","type-page","status-publish","has-post-thumbnail","hentry"],"aioseo_notices":[],"_links":{"self":[{"href":"https:\/\/teamfuzzy.sk\/index.php?rest_route=\/wp\/v2\/pages\/53","targetHints":{"allow":["GET"]}}],"collection":[{"href":"https:\/\/teamfuzzy.sk\/index.php?rest_route=\/wp\/v2\/pages"}],"about":[{"href":"https:\/\/teamfuzzy.sk\/index.php?rest_route=\/wp\/v2\/types\/page"}],"author":[{"embeddable":true,"href":"https:\/\/teamfuzzy.sk\/index.php?rest_route=\/wp\/v2\/users\/1"}],"replies":[{"embeddable":true,"href":"https:\/\/teamfuzzy.sk\/index.php?rest_route=%2Fwp%2Fv2%2Fcomments&post=53"}],"version-history":[{"count":5,"href":"https:\/\/teamfuzzy.sk\/index.php?rest_route=\/wp\/v2\/pages\/53\/revisions"}],"predecessor-version":[{"id":681,"href":"https:\/\/teamfuzzy.sk\/index.php?rest_route=\/wp\/v2\/pages\/53\/revisions\/681"}],"wp:featuredmedia":[{"embeddable":true,"href":"https:\/\/teamfuzzy.sk\/index.php?rest_route=\/wp\/v2\/media\/759"}],"wp:attachment":[{"href":"https:\/\/teamfuzzy.sk\/index.php?rest_route=%2Fwp%2Fv2%2Fmedia&parent=53"}],"curies":[{"name":"wp","href":"https:\/\/api.w.org\/{rel}","templated":true}]}}