{"id":62,"date":"2015-07-20T11:17:49","date_gmt":"2015-07-20T09:17:49","guid":{"rendered":"http:\/\/demo.themegrill.com\/himalayas\/?page_id=62"},"modified":"2024-10-28T18:46:11","modified_gmt":"2024-10-28T17:46:11","slug":"tomas-mazur","status":"publish","type":"page","link":"https:\/\/teamfuzzy.sk\/?page_id=62","title":{"rendered":"Tom\u00e1\u0161 Maz\u00far"},"content":{"rendered":"<h4><b>Certifik\u00e1cie<\/b><\/h4>\n<ul>\n<li style=\"font-weight: 400;\" aria-level=\"1\">Hlavn\u00fd zapisovate\u013e na v\u00fdstav\u00e1ch psov UKK\/Z\u0160K\n<ul>\n<li aria-level=\"1\">2024<\/li>\n<\/ul>\n<\/li>\n<\/ul>\n<ul>\n<li style=\"font-weight: 400;\" aria-level=\"1\"><span style=\"font-weight: 400;\">Certificate of Dog Puller championship referee<\/span>\n<ul>\n<li style=\"font-weight: 400;\" aria-level=\"2\"><span style=\"font-weight: 400;\">2023<\/span><\/li>\n<\/ul>\n<\/li>\n<\/ul>\n<h4><b>Semin\u00e1re<\/b><\/h4>\n<ul>\n<li style=\"font-weight: 400;\" aria-level=\"1\"><span style=\"font-weight: 400;\">Semin\u00e1r o myslen\u00ed psa- Reflexol\u00f3gia (\u0160KP &#8211; K9)<\/span>\n<ul>\n<li style=\"font-weight: 400;\" aria-level=\"2\"><span style=\"font-weight: 400;\">2019<\/span><\/li>\n<\/ul>\n<\/li>\n<li style=\"font-weight: 400;\" aria-level=\"1\"><span style=\"font-weight: 400;\">Labky Hore\u00a0 (DogFit)<\/span>\n<ul>\n<li style=\"font-weight: 400;\" aria-level=\"2\"><span style=\"font-weight: 400;\">2021<\/span><\/li>\n<\/ul>\n<\/li>\n<li style=\"font-weight: 400;\" aria-level=\"1\"><span style=\"font-weight: 400;\">Ako si neuvari\u0165 psa (DogFit)<\/span>\n<ul>\n<li style=\"font-weight: 400;\" aria-level=\"2\"><span style=\"font-weight: 400;\">2021<\/span><\/li>\n<\/ul>\n<\/li>\n<li style=\"font-weight: 400;\" aria-level=\"1\"><span style=\"font-weight: 400;\">Pozitivka s Franti\u0161kem \u0160ustou (Franti\u0161ek \u0160usta)<\/span>\n<ul>\n<li style=\"font-weight: 400;\" aria-level=\"2\"><span style=\"font-weight: 400;\">2022<\/span><\/li>\n<\/ul>\n<\/li>\n<li style=\"font-weight: 400;\" aria-level=\"1\"><span style=\"font-weight: 400;\">P\u0159ivol\u00e1n\u00ed podle tr\u00e9nera zv\u00ed\u0159at (Webin\u00e1\u0159 s Franti\u0161kem \u0160ustou)<\/span>\n<ul>\n<li style=\"font-weight: 400;\" aria-level=\"2\"><span style=\"font-weight: 400;\">2022<\/span><\/li>\n<\/ul>\n<\/li>\n<li style=\"font-weight: 400;\" aria-level=\"1\"><span style=\"font-weight: 400;\">DVA NEJ\u010cAST\u011aJ\u0160\u00cd PS\u00cd PROBL\u00c9MY\u2026(Webin\u00e1\u0159 s Franti\u0161kem \u0160ustou)<\/span>\n<ul>\n<li style=\"font-weight: 400;\" aria-level=\"2\"><span style=\"font-weight: 400;\">2023<\/span><\/li>\n<\/ul>\n<\/li>\n<li style=\"font-weight: 400;\" aria-level=\"1\"><span style=\"font-weight: 400;\">Psia lek\u00e1rni\u010dka (MVDr. M\u00e1ria Pol\u00e1\u010dkov\u00e1)<\/span>\n<ul>\n<li style=\"font-weight: 400;\" aria-level=\"2\"><span style=\"font-weight: 400;\">2023<\/span><\/li>\n<\/ul>\n<\/li>\n<\/ul>\n\n\n<div class=\"about-btn\"> <a href=\"https:\/\/teamfuzzy.sk\/#more_tomas\">nasp\u00e4\u0165<\/a><\/div>\n","protected":false},"excerpt":{"rendered":"<p>Certifik\u00e1cie Hlavn\u00fd zapisovate\u013e na v\u00fdstav\u00e1ch psov UKK\/Z\u0160K 2024 Certificate of Dog Puller championship referee 2023 Semin\u00e1re Semin\u00e1r o myslen\u00ed psa- Reflexol\u00f3gia (\u0160KP &#8211; K9) 2019<\/p>\n","protected":false},"author":1,"featured_media":376,"parent":0,"menu_order":2,"comment_status":"closed","ping_status":"closed","template":"page-templates\/template-team.php","meta":{"om_disable_all_campaigns":false,"_monsterinsights_skip_tracking":false,"_monsterinsights_sitenote_active":false,"_monsterinsights_sitenote_note":"","_monsterinsights_sitenote_category":0,"footnotes":""},"class_list":["post-62","page","type-page","status-publish","has-post-thumbnail","hentry"],"aioseo_notices":[],"_links":{"self":[{"href":"https:\/\/teamfuzzy.sk\/index.php?rest_route=\/wp\/v2\/pages\/62","targetHints":{"allow":["GET"]}}],"collection":[{"href":"https:\/\/teamfuzzy.sk\/index.php?rest_route=\/wp\/v2\/pages"}],"about":[{"href":"https:\/\/teamfuzzy.sk\/index.php?rest_route=\/wp\/v2\/types\/page"}],"author":[{"embeddable":true,"href":"https:\/\/teamfuzzy.sk\/index.php?rest_route=\/wp\/v2\/users\/1"}],"replies":[{"embeddable":true,"href":"https:\/\/teamfuzzy.sk\/index.php?rest_route=%2Fwp%2Fv2%2Fcomments&post=62"}],"version-history":[{"count":6,"href":"https:\/\/teamfuzzy.sk\/index.php?rest_route=\/wp\/v2\/pages\/62\/revisions"}],"predecessor-version":[{"id":744,"href":"https:\/\/teamfuzzy.sk\/index.php?rest_route=\/wp\/v2\/pages\/62\/revisions\/744"}],"wp:featuredmedia":[{"embeddable":true,"href":"https:\/\/teamfuzzy.sk\/index.php?rest_route=\/wp\/v2\/media\/376"}],"wp:attachment":[{"href":"https:\/\/teamfuzzy.sk\/index.php?rest_route=%2Fwp%2Fv2%2Fmedia&parent=62"}],"curies":[{"name":"wp","href":"https:\/\/api.w.org\/{rel}","templated":true}]}}