{"id":63,"date":"2015-07-20T11:16:27","date_gmt":"2015-07-20T09:16:27","guid":{"rendered":"http:\/\/demo.themegrill.com\/himalayas\/?page_id=63"},"modified":"2024-10-28T18:45:39","modified_gmt":"2024-10-28T17:45:39","slug":"erika-mazurova","status":"publish","type":"page","link":"https:\/\/teamfuzzy.sk\/?page_id=63","title":{"rendered":"Erika Maz\u00farov\u00e1"},"content":{"rendered":"<p><span style=\"font-weight: 400;\">Ahoj, vol\u00e1m sa Erika a m\u00e1m vy\u0161tudovan\u00fa hospod\u00e1rsku informatiku (\u00e1no st\u00e1le si spr\u00e1vne na str\u00e1nke o psoch \ud83d\ude00 ). Psi boli mojou v\u00e1\u0161\u0148ou odmali\u010dka, ale ako die\u0165a\u0165u z panel\u00e1ku mi to nebolo rodi\u010dmi umo\u017enen\u00e9. A\u017e po\u010das \u0161t\u00fadia na V\u0160 sme si kone\u010dne s Tom\u00e1\u0161om zaobstarali n\u00e1\u0161ho vysn\u00edvan\u00e9ho psa Fuzzyho. Vybra\u0165 si prv\u00e9ho psa belgick\u00e9ho ov\u010diaka, je ve\u013ek\u00e1 v\u00fdzvy a tak som bola n\u00faten\u00e1 h\u013eada\u0165 spr\u00e1vnu met\u00f3du v\u00fdchovy a v\u00fdcviku, ktor\u00e1 by najlep\u0161ie fungovala na Fuzzyho. Preto som za\u010dala nav\u0161tevova\u0165 r\u00f4zne semin\u00e1re a \u010d\u00edta\u0165 r\u00f4zne knihy.<\/span><\/p>\n<p><span style=\"font-weight: 400;\">V roku 2020 som sa s Fuzzym z\u00fa\u010dastnila Dog Puller t\u00e1bora kde sme sa s Pullerom stretli prv\u00fdkr\u00e1t a hne\u010f sme si ho obaja zamilovali. Ten ist\u00fd rok pri\u0161la mo\u017enos\u0165 sta\u0165 sa jedn\u00fdm z prv\u00fdch slovensk\u00fdch certifikovan\u00fdch rozhodcov, nako\u013eko tu \u017eiadny dovtedy neboli. Tak\u017ee som sa do toho bez v\u00e1hania pustila. Po \u00faspe\u0161nom splnen\u00ed certifika\u010dn\u00fdch sk\u00fa\u0161ok som rozhodcovala nieko\u013eko pretekov na Slovensku, Ma\u010farsku, Po\u013esku a aj Majstrovstv\u00e1 sveta Dog Pulleru.<\/span><\/p>\n<p><span style=\"font-weight: 400;\">V roku 2021 pri\u0161la mo\u017enos\u0165 s Fuzzym absolvova\u0165 kurz Dog Puller tr\u00e9nera pod z\u00e1\u0161titou medzin\u00e1rodnej Dog Puller feder\u00e1cie.\u00a0 Aj ke\u010f to bolo\u00a0 pre m\u0148a n\u00e1ro\u010dn\u00e9, s Fuzzym sme sk\u00fa\u0161ky \u00faspe\u0161ne zvl\u00e1dli a stala som sa prvou certifikovanou slovenkou Dog Puller tr\u00e9nerkou.<\/span><\/p>\n<p><span style=\"font-weight: 400;\">V roku 2021 sme sa s Fuzzym stali majstrami Slovenska v discipl\u00edne running a vicemajstrami v discipl\u00edne Jumping. Pravidelne sa z\u00fa\u010dast\u0148ujeme pretekov v Dog Pullery, na Slovensku a v zahrani\u010d\u00ed a tie\u017e Majstrovstiev sveta a Eur\u00f3py.\u00a0<\/span><\/p>\n<p><span style=\"font-weight: 400;\">Postupne som svetu psov nato\u013eko pod\u013eahla, \u017ee som sa rozhodla opusti\u0165 svet IT kde som od skon\u010denia \u0161koly pracovala a za\u010d\u00ednam ako tr\u00e9ner psov v oblast\u00ed v\u00fdchovy a v\u00fdcviku.\u00a0<\/span><\/p>\n<p><span style=\"font-weight: 400;\">Najviac \u010dasu sa venujem tr\u00e9ningu Dog Puller \u0161portu. Taktie\u017e sa sna\u017e\u00edm roz\u0161\u00edri\u0165 tento \u0161port po Slovensku, pravidelne organizujeme tr\u00e9ningy na z\u00e1padnom slovensku. Nieko\u013eko tr\u00e9ningov sa n\u00e1m u\u017e podarilo zorganizova\u0165 aj na v\u00fdchodnom slovensku.\u00a0<\/span><\/p>\n<p><span style=\"font-weight: 400;\">Koncom roka 2022 sa na\u0161a svorka roz\u0161\u00edrila o Lexi (CATALIN Kiwi-Slovakia), ktor\u00e1 si taktie\u017e ob\u013e\u00fabila Puller a u\u017e m\u00e1me za sebou nieko\u013eko \u00faspe\u0161n\u00fdch pretekov. Medzi najv\u00fdznamnej\u0161ie patr\u00ed titul Majstra Slovenska v kateg\u00f3rii Puppy v oboch discipl\u00ednach, Majster Eur\u00f3py v disicpl\u00edne Running v kateg\u00f3rii Puppy ako aj \u00fa\u010das\u0165 na Majstrovstv\u00e1ch sveta v roku 2023, kde si odniesla 3 miesto v discipl\u00edne Puller Field. <\/span><\/p>\n<p><span style=\"font-weight: 400;\">V roku 2024 som sa podielala na zalo\u017een\u00fd Ob\u010dianskeho Zdru\u017eenia Dog Puller Slovensko, kde som bola zvolen\u00e1 za predsedu ako aj Head of National Slovak Dog Puller Federation.<\/span><\/p>\n<h4><span style=\"font-weight: 400;\"><br \/><\/span><b>Certifik\u00e1cie<\/b><\/h4>\n<ul>\n<li style=\"font-weight: 400;\" aria-level=\"1\">Hlavn\u00fd zapisovate\u013e na v\u00fdstav\u00e1ch psov UKK\/Z\u0160K\n<ul>\n<li aria-level=\"1\">2024<\/li>\n<\/ul>\n<\/li>\n<\/ul>\n<ul>\n<li style=\"font-weight: 400;\" aria-level=\"1\"><span style=\"font-weight: 400;\">Dog Puller Trainer Certificate<\/span>\n<ul>\n<li aria-level=\"1\">2021<\/li>\n<\/ul>\n<\/li>\n<li style=\"font-weight: 400;\" aria-level=\"1\"><span style=\"font-weight: 400;\">Certificate Puller Trainer<\/span>\n<ul>\n<li aria-level=\"1\">2021<\/li>\n<\/ul>\n<\/li>\n<li style=\"font-weight: 400;\" aria-level=\"1\"><span style=\"font-weight: 400;\">Puller Coach Certificate category C<\/span>\n<ul>\n<li aria-level=\"1\">2021<\/li>\n<\/ul>\n<\/li>\n<li aria-level=\"1\"><span style=\"font-weight: 400;\">Certificate of Dog Puller championship referee<\/span>\n<ul>\n<li aria-level=\"1\">2020<\/li>\n<\/ul>\n<\/li>\n<\/ul>\n<h4><b>Semin\u00e1re<\/b><\/h4>\n<ul>\n<li><span style=\"font-weight: 400;\">Ako vyvies\u0165 psa z konfliktu (T\u00e1bor s Franti\u0161kem \u0160ustou<\/span>\n<ul>\n<li><span style=\"font-weight: 400;\">2024<\/span><\/li>\n<\/ul>\n<\/li>\n<li><span style=\"font-weight: 400;\">MET konferencia (CZ)<\/span>\n<ul>\n<li style=\"font-weight: 400;\" aria-level=\"2\"><span style=\"font-weight: 400;\">2024<\/span><\/li>\n<\/ul>\n<\/li>\n<li><span style=\"font-weight: 400;\">\u0160kolenie in\u0161truktorov Rally Obedience (SKJ)<\/span>\n<ul>\n<li style=\"font-weight: 400;\" aria-level=\"2\"><span style=\"font-weight: 400;\">2023<\/span><\/li>\n<\/ul>\n<\/li>\n<\/ul>\n<ul>\n<li><span style=\"font-weight: 400;\">Strach a Agrese (T\u00e1bor s Franti\u0161kem \u0160ustou)<\/span>\n<ul>\n<li style=\"font-weight: 400;\" aria-level=\"2\"><span style=\"font-weight: 400;\">2023<\/span><\/li>\n<\/ul>\n<\/li>\n<\/ul>\n<ul>\n<li style=\"font-weight: 400;\" aria-level=\"1\"><span style=\"font-weight: 400;\">DVA NEJ\u010cAST\u011aJ\u0160\u00cd PS\u00cd PROBL\u00c9MY\u2026(Webin\u00e1\u0159 s Franti\u0161kem \u0160ustou)<\/span>\n<ul>\n<li style=\"font-weight: 400;\" aria-level=\"2\"><span style=\"font-weight: 400;\">2023<\/span><\/li>\n<\/ul>\n<\/li>\n<li style=\"font-weight: 400;\" aria-level=\"1\"><span style=\"font-weight: 400;\">Prvn\u00ed pomoc pro psy (INSTITUT Animal Health)<\/span>\n<ul>\n<li style=\"font-weight: 400;\" aria-level=\"2\"><span style=\"font-weight: 400;\">2023<\/span><\/li>\n<\/ul>\n<\/li>\n<li style=\"font-weight: 400;\" aria-level=\"1\"><span style=\"font-weight: 400;\">Psia lek\u00e1rni\u010dka (MVDr. M\u00e1ria Pol\u00e1\u010dkov\u00e1)<\/span>\n<ul>\n<li style=\"font-weight: 400;\" aria-level=\"2\"><span style=\"font-weight: 400;\">2023<\/span><\/li>\n<\/ul>\n<\/li>\n<li style=\"font-weight: 400;\" aria-level=\"1\"><span style=\"font-weight: 400;\">Pozitivka s Franti\u0161kem \u0160ustou (Franti\u0161ek \u0160usta)<\/span>\n<ul>\n<li style=\"font-weight: 400;\" aria-level=\"2\"><span style=\"font-weight: 400;\">2022<\/span><\/li>\n<\/ul>\n<\/li>\n<li style=\"font-weight: 400;\" aria-level=\"1\"><span style=\"font-weight: 400;\">P\u0159ivol\u00e1n\u00ed podle tr\u00e9nera zv\u00ed\u0159at (Webin\u00e1\u0159 s Franti\u0161kem \u0160ustou)<\/span>\n<ul>\n<li style=\"font-weight: 400;\" aria-level=\"2\"><span style=\"font-weight: 400;\">2022<\/span><\/li>\n<\/ul>\n<\/li>\n<li><span style=\"font-weight: 400;\">Ako si neuvari\u0165 psa (DogFit)<\/span>\n<ul>\n<li style=\"font-weight: 400;\" aria-level=\"2\"><span style=\"font-weight: 400;\">2021<\/span><\/li>\n<\/ul>\n<\/li>\n<li><span style=\"font-weight: 400;\">Labky Hore\u00a0 (DogFit)<\/span>\n<ul>\n<li style=\"font-weight: 400;\" aria-level=\"2\"><span style=\"font-weight: 400;\">2020<\/span><\/li>\n<\/ul>\n<\/li>\n<li style=\"font-weight: 400;\" aria-level=\"1\"><span style=\"font-weight: 400;\">Semin\u00e1r o myslen\u00ed psa- Reflexol\u00f3gia (\u0160KP &#8211; K9)<\/span>\n<ul>\n<li style=\"font-weight: 400;\" aria-level=\"2\"><span style=\"font-weight: 400;\">2019<\/span><\/li>\n<\/ul>\n<\/li>\n<li style=\"font-weight: 400;\" aria-level=\"1\"><span style=\"font-weight: 400;\">Warm and Cool down (DogFit)<\/span>\n<ul>\n<li style=\"font-weight: 400;\" aria-level=\"2\"><span style=\"font-weight: 400;\">2019<\/span><\/li>\n<\/ul>\n<\/li>\n<\/ul>\n\n\n<figure class=\"wp-block-gallery has-nested-images columns-default is-cropped wp-block-gallery-1 is-layout-flex wp-block-gallery-is-layout-flex\">\n<figure class=\"wp-block-image size-large\"><img loading=\"lazy\" decoding=\"async\" width=\"1024\" height=\"568\" data-id=\"382\" src=\"https:\/\/teamfuzzy.sk\/wp-content\/uploads\/2022\/10\/M_D85_7524-e1665079412663-1024x568.jpg\" alt=\"\" class=\"wp-image-382\" srcset=\"https:\/\/teamfuzzy.sk\/wp-content\/uploads\/2022\/10\/M_D85_7524-e1665079412663-1024x568.jpg 1024w, https:\/\/teamfuzzy.sk\/wp-content\/uploads\/2022\/10\/M_D85_7524-e1665079412663-300x166.jpg 300w, https:\/\/teamfuzzy.sk\/wp-content\/uploads\/2022\/10\/M_D85_7524-e1665079412663-768x426.jpg 768w, https:\/\/teamfuzzy.sk\/wp-content\/uploads\/2022\/10\/M_D85_7524-e1665079412663.jpg 1350w\" sizes=\"auto, (max-width: 1024px) 100vw, 1024px\" \/><\/figure>\n\n\n\n<figure class=\"wp-block-image size-large\"><img loading=\"lazy\" decoding=\"async\" width=\"1024\" height=\"683\" data-id=\"337\" src=\"https:\/\/teamfuzzy.sk\/wp-content\/uploads\/2022\/10\/D50_3878_web-1024x683.jpg\" alt=\"\" class=\"wp-image-337\" srcset=\"https:\/\/teamfuzzy.sk\/wp-content\/uploads\/2022\/10\/D50_3878_web-1024x683.jpg 1024w, https:\/\/teamfuzzy.sk\/wp-content\/uploads\/2022\/10\/D50_3878_web-300x200.jpg 300w, https:\/\/teamfuzzy.sk\/wp-content\/uploads\/2022\/10\/D50_3878_web-768x512.jpg 768w, https:\/\/teamfuzzy.sk\/wp-content\/uploads\/2022\/10\/D50_3878_web-1536x1024.jpg 1536w, https:\/\/teamfuzzy.sk\/wp-content\/uploads\/2022\/10\/D50_3878_web.jpg 2048w\" sizes=\"auto, (max-width: 1024px) 100vw, 1024px\" \/><\/figure>\n\n\n\n<figure class=\"wp-block-image size-large\"><img loading=\"lazy\" decoding=\"async\" width=\"1024\" height=\"683\" data-id=\"731\" src=\"https:\/\/teamfuzzy.sk\/wp-content\/uploads\/2024\/03\/DSC02782-1024x683.jpg\" alt=\"\" class=\"wp-image-731\" srcset=\"https:\/\/teamfuzzy.sk\/wp-content\/uploads\/2024\/03\/DSC02782-1024x683.jpg 1024w, https:\/\/teamfuzzy.sk\/wp-content\/uploads\/2024\/03\/DSC02782-300x200.jpg 300w, https:\/\/teamfuzzy.sk\/wp-content\/uploads\/2024\/03\/DSC02782-768x512.jpg 768w, https:\/\/teamfuzzy.sk\/wp-content\/uploads\/2024\/03\/DSC02782-1536x1025.jpg 1536w, https:\/\/teamfuzzy.sk\/wp-content\/uploads\/2024\/03\/DSC02782.jpg 2048w\" sizes=\"auto, (max-width: 1024px) 100vw, 1024px\" \/><\/figure>\n\n\n\n<figure class=\"wp-block-image size-large\"><img loading=\"lazy\" decoding=\"async\" width=\"1024\" height=\"768\" data-id=\"375\" src=\"https:\/\/teamfuzzy.sk\/wp-content\/uploads\/2022\/10\/IMG_5543-1024x768.jpg\" alt=\"\" class=\"wp-image-375\" srcset=\"https:\/\/teamfuzzy.sk\/wp-content\/uploads\/2022\/10\/IMG_5543-1024x768.jpg 1024w, https:\/\/teamfuzzy.sk\/wp-content\/uploads\/2022\/10\/IMG_5543-300x225.jpg 300w, https:\/\/teamfuzzy.sk\/wp-content\/uploads\/2022\/10\/IMG_5543-768x576.jpg 768w, https:\/\/teamfuzzy.sk\/wp-content\/uploads\/2022\/10\/IMG_5543-1536x1152.jpg 1536w, https:\/\/teamfuzzy.sk\/wp-content\/uploads\/2022\/10\/IMG_5543-2048x1536.jpg 2048w\" sizes=\"auto, (max-width: 1024px) 100vw, 1024px\" \/><\/figure>\n<\/figure>\n\n\n\n<p><\/p>\n\n\n\n<div class=\"wp-block-buttons is-layout-flex wp-block-buttons-is-layout-flex\"><\/div>\n\n\n\n<div class=\"about-btn\"> <a href=\"https:\/\/teamfuzzy.sk\/#more_erika\">nasp\u00e4\u0165<\/a><\/div>\n","protected":false},"excerpt":{"rendered":"<p>Ahoj, vol\u00e1m sa Erika a m\u00e1m vy\u0161tudovan\u00fa hospod\u00e1rsku informatiku (\u00e1no st\u00e1le si spr\u00e1vne na str\u00e1nke o psoch \ud83d\ude00 ). Psi boli mojou v\u00e1\u0161\u0148ou odmali\u010dka, ale<\/p>\n","protected":false},"author":1,"featured_media":736,"parent":0,"menu_order":1,"comment_status":"closed","ping_status":"closed","template":"page-templates\/template-team.php","meta":{"om_disable_all_campaigns":false,"_monsterinsights_skip_tracking":false,"_monsterinsights_sitenote_active":false,"_monsterinsights_sitenote_note":"","_monsterinsights_sitenote_category":0,"footnotes":""},"class_list":["post-63","page","type-page","status-publish","has-post-thumbnail","hentry"],"aioseo_notices":[],"_links":{"self":[{"href":"https:\/\/teamfuzzy.sk\/index.php?rest_route=\/wp\/v2\/pages\/63","targetHints":{"allow":["GET"]}}],"collection":[{"href":"https:\/\/teamfuzzy.sk\/index.php?rest_route=\/wp\/v2\/pages"}],"about":[{"href":"https:\/\/teamfuzzy.sk\/index.php?rest_route=\/wp\/v2\/types\/page"}],"author":[{"embeddable":true,"href":"https:\/\/teamfuzzy.sk\/index.php?rest_route=\/wp\/v2\/users\/1"}],"replies":[{"embeddable":true,"href":"https:\/\/teamfuzzy.sk\/index.php?rest_route=%2Fwp%2Fv2%2Fcomments&post=63"}],"version-history":[{"count":5,"href":"https:\/\/teamfuzzy.sk\/index.php?rest_route=\/wp\/v2\/pages\/63\/revisions"}],"predecessor-version":[{"id":752,"href":"https:\/\/teamfuzzy.sk\/index.php?rest_route=\/wp\/v2\/pages\/63\/revisions\/752"}],"wp:featuredmedia":[{"embeddable":true,"href":"https:\/\/teamfuzzy.sk\/index.php?rest_route=\/wp\/v2\/media\/736"}],"wp:attachment":[{"href":"https:\/\/teamfuzzy.sk\/index.php?rest_route=%2Fwp%2Fv2%2Fmedia&parent=63"}],"curies":[{"name":"wp","href":"https:\/\/api.w.org\/{rel}","templated":true}]}}