{"id":64,"date":"2015-07-20T11:18:33","date_gmt":"2015-07-20T09:18:33","guid":{"rendered":"http:\/\/demo.themegrill.com\/himalayas\/?page_id=64"},"modified":"2023-03-23T20:49:12","modified_gmt":"2023-03-23T19:49:12","slug":"serlina-lopez","status":"publish","type":"page","link":"https:\/\/teamfuzzy.sk\/?page_id=64","title":{"rendered":"Fuzzy (2018)"},"content":{"rendered":"\n<p>Pr\u00e1ca s n\u00edm nebola zo za\u010diatku v\u00f4bec jednoduch\u00e1, ale postupne sme si k sebe na\u0161li cestu. T\u00fato cestu n\u00e1m riadne skomplikovala hlavne Meningit\u00edda, ktor\u00fa mu diagnostikovali v 9 mesiacoch. Fuzzy je n\u00e1\u0161 ve\u013ek\u00fd bojovn\u00edk a aj ke\u010f mu nikto ned\u00e1val \u0161ancu na pre\u017eitie po 11 mesiacoch chorobu prekonal. S Fuzzym sa venujeme viacer\u00fdm \u0161portom ako s\u00fa obrany, mushingov\u00e9 \u0161porty, nosework, ale hlavne Dog Pulleru. Odkedy mu Erika uk\u00e1zala prv\u00fd kr\u00e1t Puller nevie sa ho naba\u017ei\u0165. Odvtedy sa z\u00fa\u010dastnil mnoho Dog Puller pretekov v zahrani\u010d\u00ed a na Slovensku. Fuzzy je majster Slovenska v discipl\u00edne Dog Puller Running a vicemajster Slovenska v discipl\u00edne Dog Puller Jumping. Reprezentovali sme Slovensko na Majstrovstv\u00e1ch Sveta a majstrovstv\u00e1ch Eur\u00f3py.<\/p>\n\n\n\n<figure class=\"wp-block-gallery has-nested-images columns-3 is-cropped wp-block-gallery-1 is-layout-flex wp-block-gallery-is-layout-flex\">\n<figure class=\"wp-block-image size-full\"><img loading=\"lazy\" decoding=\"async\" width=\"2560\" height=\"1920\" data-id=\"581\" src=\"https:\/\/teamfuzzy.sk\/wp-content\/uploads\/2023\/03\/IMG_2055-scaled.jpg\" alt=\"\" class=\"wp-image-581\" srcset=\"https:\/\/teamfuzzy.sk\/wp-content\/uploads\/2023\/03\/IMG_2055-scaled.jpg 2560w, https:\/\/teamfuzzy.sk\/wp-content\/uploads\/2023\/03\/IMG_2055-300x225.jpg 300w, https:\/\/teamfuzzy.sk\/wp-content\/uploads\/2023\/03\/IMG_2055-1024x768.jpg 1024w, https:\/\/teamfuzzy.sk\/wp-content\/uploads\/2023\/03\/IMG_2055-768x576.jpg 768w, https:\/\/teamfuzzy.sk\/wp-content\/uploads\/2023\/03\/IMG_2055-1536x1152.jpg 1536w, https:\/\/teamfuzzy.sk\/wp-content\/uploads\/2023\/03\/IMG_2055-2048x1536.jpg 2048w\" sizes=\"auto, (max-width: 2560px) 100vw, 2560px\" \/><\/figure>\n\n\n\n<figure class=\"wp-block-image size-large\"><img loading=\"lazy\" decoding=\"async\" width=\"1024\" height=\"768\" data-id=\"593\" src=\"https:\/\/teamfuzzy.sk\/wp-content\/uploads\/2023\/03\/IMG_8517-1024x768.jpeg\" alt=\"\" class=\"wp-image-593\" srcset=\"https:\/\/teamfuzzy.sk\/wp-content\/uploads\/2023\/03\/IMG_8517-1024x768.jpeg 1024w, https:\/\/teamfuzzy.sk\/wp-content\/uploads\/2023\/03\/IMG_8517-300x225.jpeg 300w, https:\/\/teamfuzzy.sk\/wp-content\/uploads\/2023\/03\/IMG_8517-768x576.jpeg 768w, https:\/\/teamfuzzy.sk\/wp-content\/uploads\/2023\/03\/IMG_8517-1536x1152.jpeg 1536w, https:\/\/teamfuzzy.sk\/wp-content\/uploads\/2023\/03\/IMG_8517-2048x1536.jpeg 2048w\" sizes=\"auto, (max-width: 1024px) 100vw, 1024px\" \/><figcaption class=\"wp-element-caption\">HDR CZ 03.04.2022<\/figcaption><\/figure>\n\n\n\n<figure class=\"wp-block-image size-full\"><img loading=\"lazy\" decoding=\"async\" width=\"1575\" height=\"1050\" data-id=\"577\" src=\"https:\/\/teamfuzzy.sk\/wp-content\/uploads\/2023\/03\/D50_3892_web-edited.jpeg\" alt=\"\" class=\"wp-image-577\" srcset=\"https:\/\/teamfuzzy.sk\/wp-content\/uploads\/2023\/03\/D50_3892_web-edited.jpeg 1575w, https:\/\/teamfuzzy.sk\/wp-content\/uploads\/2023\/03\/D50_3892_web-edited-300x200.jpeg 300w, https:\/\/teamfuzzy.sk\/wp-content\/uploads\/2023\/03\/D50_3892_web-edited-1024x683.jpeg 1024w, https:\/\/teamfuzzy.sk\/wp-content\/uploads\/2023\/03\/D50_3892_web-edited-768x512.jpeg 768w, https:\/\/teamfuzzy.sk\/wp-content\/uploads\/2023\/03\/D50_3892_web-edited-1536x1024.jpeg 1536w\" sizes=\"auto, (max-width: 1575px) 100vw, 1575px\" \/><figcaption class=\"wp-element-caption\">26.03.2022<\/figcaption><\/figure>\n\n\n\n<figure class=\"wp-block-image size-large\"><img loading=\"lazy\" decoding=\"async\" width=\"573\" height=\"1024\" data-id=\"585\" src=\"http:\/\/teamfuzzy.sk\/wp-content\/uploads\/2023\/03\/7d753df5-ba25-496d-ba94-f8894bb67090-573x1024.jpg\" alt=\"\" class=\"wp-image-585\" srcset=\"https:\/\/teamfuzzy.sk\/wp-content\/uploads\/2023\/03\/7d753df5-ba25-496d-ba94-f8894bb67090-573x1024.jpg 573w, https:\/\/teamfuzzy.sk\/wp-content\/uploads\/2023\/03\/7d753df5-ba25-496d-ba94-f8894bb67090-168x300.jpg 168w, https:\/\/teamfuzzy.sk\/wp-content\/uploads\/2023\/03\/7d753df5-ba25-496d-ba94-f8894bb67090-768x1371.jpg 768w, https:\/\/teamfuzzy.sk\/wp-content\/uploads\/2023\/03\/7d753df5-ba25-496d-ba94-f8894bb67090-860x1536.jpg 860w, https:\/\/teamfuzzy.sk\/wp-content\/uploads\/2023\/03\/7d753df5-ba25-496d-ba94-f8894bb67090.jpg 896w\" sizes=\"auto, (max-width: 573px) 100vw, 573px\" \/><\/figure>\n\n\n\n<figure class=\"wp-block-image size-full\"><img loading=\"lazy\" decoding=\"async\" width=\"640\" height=\"960\" data-id=\"573\" src=\"https:\/\/teamfuzzy.sk\/wp-content\/uploads\/2023\/03\/IMG_2804.jpg\" alt=\"\" class=\"wp-image-573\" srcset=\"https:\/\/teamfuzzy.sk\/wp-content\/uploads\/2023\/03\/IMG_2804.jpg 640w, https:\/\/teamfuzzy.sk\/wp-content\/uploads\/2023\/03\/IMG_2804-200x300.jpg 200w\" sizes=\"auto, (max-width: 640px) 100vw, 640px\" \/><\/figure>\n\n\n\n<figure class=\"wp-block-image size-full\"><img loading=\"lazy\" decoding=\"async\" width=\"1920\" height=\"2560\" data-id=\"579\" src=\"https:\/\/teamfuzzy.sk\/wp-content\/uploads\/2023\/03\/IMG_5522-edited-1-scaled.jpg\" alt=\"\" class=\"wp-image-579\" srcset=\"https:\/\/teamfuzzy.sk\/wp-content\/uploads\/2023\/03\/IMG_5522-edited-1-scaled.jpg 1920w, https:\/\/teamfuzzy.sk\/wp-content\/uploads\/2023\/03\/IMG_5522-edited-1-225x300.jpg 225w, https:\/\/teamfuzzy.sk\/wp-content\/uploads\/2023\/03\/IMG_5522-edited-1-768x1024.jpg 768w, https:\/\/teamfuzzy.sk\/wp-content\/uploads\/2023\/03\/IMG_5522-edited-1-1152x1536.jpg 1152w, https:\/\/teamfuzzy.sk\/wp-content\/uploads\/2023\/03\/IMG_5522-edited-1-1536x2048.jpg 1536w\" sizes=\"auto, (max-width: 1920px) 100vw, 1920px\" \/><figcaption class=\"wp-element-caption\">Z\u00e1zriv\u00e1 08.01.2022<\/figcaption><\/figure>\n\n\n\n<figure class=\"wp-block-image size-full\"><img loading=\"lazy\" decoding=\"async\" width=\"2560\" height=\"1707\" data-id=\"334\" src=\"https:\/\/teamfuzzy.sk\/wp-content\/uploads\/2022\/10\/D50_5305-scaled.jpg\" alt=\"\" class=\"wp-image-334\" srcset=\"https:\/\/teamfuzzy.sk\/wp-content\/uploads\/2022\/10\/D50_5305-scaled.jpg 2560w, https:\/\/teamfuzzy.sk\/wp-content\/uploads\/2022\/10\/D50_5305-300x200.jpg 300w, https:\/\/teamfuzzy.sk\/wp-content\/uploads\/2022\/10\/D50_5305-1024x683.jpg 1024w, https:\/\/teamfuzzy.sk\/wp-content\/uploads\/2022\/10\/D50_5305-768x512.jpg 768w, https:\/\/teamfuzzy.sk\/wp-content\/uploads\/2022\/10\/D50_5305-1536x1024.jpg 1536w, https:\/\/teamfuzzy.sk\/wp-content\/uploads\/2022\/10\/D50_5305-2048x1365.jpg 2048w\" sizes=\"auto, (max-width: 2560px) 100vw, 2560px\" \/><\/figure>\n\n\n\n<figure class=\"wp-block-image size-full\"><img loading=\"lazy\" decoding=\"async\" width=\"2560\" height=\"1920\" data-id=\"375\" src=\"https:\/\/teamfuzzy.sk\/wp-content\/uploads\/2022\/10\/IMG_5543-scaled.jpg\" alt=\"\" class=\"wp-image-375\" srcset=\"https:\/\/teamfuzzy.sk\/wp-content\/uploads\/2022\/10\/IMG_5543-scaled.jpg 2560w, https:\/\/teamfuzzy.sk\/wp-content\/uploads\/2022\/10\/IMG_5543-300x225.jpg 300w, https:\/\/teamfuzzy.sk\/wp-content\/uploads\/2022\/10\/IMG_5543-1024x768.jpg 1024w, https:\/\/teamfuzzy.sk\/wp-content\/uploads\/2022\/10\/IMG_5543-768x576.jpg 768w, https:\/\/teamfuzzy.sk\/wp-content\/uploads\/2022\/10\/IMG_5543-1536x1152.jpg 1536w, https:\/\/teamfuzzy.sk\/wp-content\/uploads\/2022\/10\/IMG_5543-2048x1536.jpg 2048w\" sizes=\"auto, (max-width: 2560px) 100vw, 2560px\" \/><figcaption class=\"wp-element-caption\">Z\u00e1zriv\u00e1 08.01.2022<\/figcaption><\/figure>\n\n\n\n<figure class=\"wp-block-image size-full\"><img loading=\"lazy\" decoding=\"async\" width=\"2048\" height=\"1365\" data-id=\"337\" src=\"https:\/\/teamfuzzy.sk\/wp-content\/uploads\/2022\/10\/D50_3878_web.jpg\" alt=\"\" class=\"wp-image-337\" srcset=\"https:\/\/teamfuzzy.sk\/wp-content\/uploads\/2022\/10\/D50_3878_web.jpg 2048w, https:\/\/teamfuzzy.sk\/wp-content\/uploads\/2022\/10\/D50_3878_web-300x200.jpg 300w, https:\/\/teamfuzzy.sk\/wp-content\/uploads\/2022\/10\/D50_3878_web-1024x683.jpg 1024w, https:\/\/teamfuzzy.sk\/wp-content\/uploads\/2022\/10\/D50_3878_web-768x512.jpg 768w, https:\/\/teamfuzzy.sk\/wp-content\/uploads\/2022\/10\/D50_3878_web-1536x1024.jpg 1536w\" sizes=\"auto, (max-width: 2048px) 100vw, 2048px\" \/><\/figure>\n<\/figure>\n\n\n\n<div class=\"about-btn\"> <a href=\"https:\/\/teamfuzzy.sk\/#team\">nasp\u00e4\u0165<\/a><\/div>\n","protected":false},"excerpt":{"rendered":"<p>Pr\u00e1ca s n\u00edm nebola zo za\u010diatku v\u00f4bec jednoduch\u00e1, ale postupne sme si k sebe na\u0161li cestu. T\u00fato cestu n\u00e1m riadne skomplikovala hlavne Meningit\u00edda, ktor\u00fa mu<\/p>\n","protected":false},"author":1,"featured_media":334,"parent":0,"menu_order":3,"comment_status":"closed","ping_status":"closed","template":"page-templates\/template-team.php","meta":{"om_disable_all_campaigns":false,"_monsterinsights_skip_tracking":false,"_monsterinsights_sitenote_active":false,"_monsterinsights_sitenote_note":"","_monsterinsights_sitenote_category":0,"footnotes":""},"class_list":["post-64","page","type-page","status-publish","has-post-thumbnail","hentry"],"aioseo_notices":[],"_links":{"self":[{"href":"https:\/\/teamfuzzy.sk\/index.php?rest_route=\/wp\/v2\/pages\/64","targetHints":{"allow":["GET"]}}],"collection":[{"href":"https:\/\/teamfuzzy.sk\/index.php?rest_route=\/wp\/v2\/pages"}],"about":[{"href":"https:\/\/teamfuzzy.sk\/index.php?rest_route=\/wp\/v2\/types\/page"}],"author":[{"embeddable":true,"href":"https:\/\/teamfuzzy.sk\/index.php?rest_route=\/wp\/v2\/users\/1"}],"replies":[{"embeddable":true,"href":"https:\/\/teamfuzzy.sk\/index.php?rest_route=%2Fwp%2Fv2%2Fcomments&post=64"}],"version-history":[{"count":6,"href":"https:\/\/teamfuzzy.sk\/index.php?rest_route=\/wp\/v2\/pages\/64\/revisions"}],"predecessor-version":[{"id":600,"href":"https:\/\/teamfuzzy.sk\/index.php?rest_route=\/wp\/v2\/pages\/64\/revisions\/600"}],"wp:featuredmedia":[{"embeddable":true,"href":"https:\/\/teamfuzzy.sk\/index.php?rest_route=\/wp\/v2\/media\/334"}],"wp:attachment":[{"href":"https:\/\/teamfuzzy.sk\/index.php?rest_route=%2Fwp%2Fv2%2Fmedia&parent=64"}],"curies":[{"name":"wp","href":"https:\/\/api.w.org\/{rel}","templated":true}]}}