{"id":686,"date":"2023-06-06T12:05:21","date_gmt":"2023-06-06T10:05:21","guid":{"rendered":"https:\/\/teamfuzzy.sk\/?page_id=686"},"modified":"2024-03-13T21:12:54","modified_gmt":"2024-03-13T20:12:54","slug":"vencenie","status":"publish","type":"page","link":"https:\/\/teamfuzzy.sk\/?page_id=686","title":{"rendered":"Ven\u010denie"},"content":{"rendered":"<p><span style=\"font-weight: 400;\">Ven\u010denie psov je d\u00f4le\u017eitou s\u00fa\u010das\u0165ou starostlivosti o na\u0161ich chlpat\u00fdch priate\u013eov. Ka\u017ed\u00fd de\u0148 ven\u010denie poskytuje psom pr\u00edle\u017eitos\u0165 pre fyzick\u00fa aktivitu, soci\u00e1lnu interakciu a stimul\u00e1ciu mysle. Po\u010das prech\u00e1dzky si psi m\u00f4\u017eu u\u017e\u00edva\u0165 \u010derstv\u00fd vzduch, objavova\u0165 nov\u00e9 miesta, stretn\u00fa\u0165 in\u00fdch psov a dokonca aj nau\u010di\u0165 sa nov\u00e9 veci.<\/span><\/p>\n<p><span style=\"font-weight: 400;\">Ven\u010denie psov nie je len nutnos\u0165ou, ale aj pr\u00edle\u017eitos\u0165ou na zlep\u0161enie pohody v\u00e1\u0161ho psa a posilnenie v\u00e1\u0161ho vz\u0165ahu s n\u00edm.\u00a0<\/span><\/p>\n<p><span style=\"font-weight: 400;\">Nem\u00e1te \u010das s ven\u010den\u00edm v\u00e1\u0161ho ps\u00edka preto\u017ee v\u00e1m do toho nie\u010do pri\u0161lo? Nevad\u00ed, v t\u00fdchto situ\u00e1ci\u00e1ch V\u00e1m radi pom\u00f4\u017eeme a vyven\u010d\u00edme va\u0161ich ps\u00edkov za V\u00e1s. Zabezpe\u010dujeme jemn\u00e9 a odborn\u00e9 zaobch\u00e1dzanie s va\u0161\u00edm psom, pri\u010dom venujeme pozornos\u0165 jeho pohodliu a bezpe\u010dnosti. Va\u0161a spokojnos\u0165 a spokojnos\u0165 v\u00e1\u0161ho psa s\u00fa pre n\u00e1s prioritou.<\/span><\/p>\n<p>\u00a0<\/p>\n\n\n<div class=\"about-btn\"> <a href=\"https:\/\/teamfuzzy.sk\/#services\">nasp\u00e4\u0165<\/a><\/div>\n","protected":false},"excerpt":{"rendered":"<p>Ven\u010denie psov je d\u00f4le\u017eitou s\u00fa\u010das\u0165ou starostlivosti o na\u0161ich chlpat\u00fdch priate\u013eov. Ka\u017ed\u00fd de\u0148 ven\u010denie poskytuje psom pr\u00edle\u017eitos\u0165 pre fyzick\u00fa aktivitu, soci\u00e1lnu interakciu a stimul\u00e1ciu mysle. Po\u010das<\/p>\n","protected":false},"author":1,"featured_media":733,"parent":0,"menu_order":0,"comment_status":"closed","ping_status":"closed","template":"page-templates\/template-services.php","meta":{"om_disable_all_campaigns":false,"_monsterinsights_skip_tracking":false,"_monsterinsights_sitenote_active":false,"_monsterinsights_sitenote_note":"","_monsterinsights_sitenote_category":0,"footnotes":""},"class_list":["post-686","page","type-page","status-publish","has-post-thumbnail","hentry"],"aioseo_notices":[],"_links":{"self":[{"href":"https:\/\/teamfuzzy.sk\/index.php?rest_route=\/wp\/v2\/pages\/686","targetHints":{"allow":["GET"]}}],"collection":[{"href":"https:\/\/teamfuzzy.sk\/index.php?rest_route=\/wp\/v2\/pages"}],"about":[{"href":"https:\/\/teamfuzzy.sk\/index.php?rest_route=\/wp\/v2\/types\/page"}],"author":[{"embeddable":true,"href":"https:\/\/teamfuzzy.sk\/index.php?rest_route=\/wp\/v2\/users\/1"}],"replies":[{"embeddable":true,"href":"https:\/\/teamfuzzy.sk\/index.php?rest_route=%2Fwp%2Fv2%2Fcomments&post=686"}],"version-history":[{"count":3,"href":"https:\/\/teamfuzzy.sk\/index.php?rest_route=\/wp\/v2\/pages\/686\/revisions"}],"predecessor-version":[{"id":689,"href":"https:\/\/teamfuzzy.sk\/index.php?rest_route=\/wp\/v2\/pages\/686\/revisions\/689"}],"wp:featuredmedia":[{"embeddable":true,"href":"https:\/\/teamfuzzy.sk\/index.php?rest_route=\/wp\/v2\/media\/733"}],"wp:attachment":[{"href":"https:\/\/teamfuzzy.sk\/index.php?rest_route=%2Fwp%2Fv2%2Fmedia&parent=686"}],"curies":[{"name":"wp","href":"https:\/\/api.w.org\/{rel}","templated":true}]}}