{"id":717,"date":"2024-03-13T10:05:25","date_gmt":"2024-03-13T09:05:25","guid":{"rendered":"https:\/\/teamfuzzy.sk\/?page_id=717"},"modified":"2026-04-14T17:24:14","modified_gmt":"2026-04-14T15:24:14","slug":"cennik","status":"publish","type":"page","link":"https:\/\/teamfuzzy.sk\/?page_id=717","title":{"rendered":"Cenn\u00edk"},"content":{"rendered":"\n<figure class=\"wp-block-table is-style-stripes has-small-font-size\"><table><thead><tr><th><strong>Slu\u017eba<\/strong><\/th><th><strong>Cena<\/strong><\/th><\/tr><\/thead><tbody><tr><td>Ven\u010denie<\/td><td>od 20 \u20ac\/ 60 min<\/td><\/tr><tr><td>Skupinov\u00fd tr\u00e9ning Poslu\u0161nosti v Slovenskom Grobe alebo Pezinku<\/td><td>od 20 \u20ac\/ 50 min<\/td><\/tr><tr><td>Skupinov\u00fd tr\u00e9ning Dog Pulleru v Slovenskom Grobe alebo Pezinku<\/td><td>od 20 \u20ac\/ 60 min<\/td><\/tr><tr><td>Individu\u00e1lny tr\u00e9ning Poslu\u0161nosti v Slovenskom Grobe alebo Pezinku<\/td><td>od 35 \u20ac\/ 60 min<\/td><\/tr><tr><td>Individu\u00e1lny tr\u00e9ning Dog Pulleru v Slovenskom Grobe alebo Pezinku<\/td><td>od 35 \u20ac\/ 60 min<\/td><\/tr><tr><td>Individu\u00e1lna konzutl\u00e1cia prezen\u010dne<\/td><td>od 35 \u20ac\/ 60 min<\/td><\/tr><tr><td>Individu\u00e1lna konzutl\u00e1cia online<\/td><td>30 \u20ac\/ 60 min<\/td><\/tr><tr><td>In\u00e9 slu\u017eby pod\u013ea po\u017eiadaviek z\u00e1kazn\u00edka (napr. n\u00e1\u0161teva veterin\u00e1ra, individu\u00e1lny v\u00fdcvik bez pr\u00edtomnosti majite\u013ea a pod.)<\/td><td>Pod\u013ea dohody<\/td><\/tr><tr><td>Doprava ku z\u00e1kazn\u00edkovi<\/td><td>0,40 \u20ac\/ km<\/td><\/tr><tr><td>Dog Puller semin\u00e1r<\/td><td>od 20 \u20ac \/ Semin\u00e1r<\/td><\/tr><tr><td>Str\u00e1\u017eenie ps\u00edka u n\u00e1s doma<\/td><td>od 40 \u20ac\/ de\u0148<\/td><\/tr><\/tbody><\/table><\/figure>\n\n\n\n<p><\/p>\n","protected":false},"excerpt":{"rendered":"<p>Slu\u017eba Cena Ven\u010denie od 20 \u20ac\/ 60 min Skupinov\u00fd tr\u00e9ning Poslu\u0161nosti v Slovenskom Grobe alebo Pezinku od 20 \u20ac\/ 50 min Skupinov\u00fd tr\u00e9ning Dog Pulleru<\/p>\n","protected":false},"author":1,"featured_media":0,"parent":0,"menu_order":0,"comment_status":"closed","ping_status":"closed","template":"","meta":{"om_disable_all_campaigns":false,"_monsterinsights_skip_tracking":false,"_monsterinsights_sitenote_active":false,"_monsterinsights_sitenote_note":"","_monsterinsights_sitenote_category":0,"footnotes":""},"class_list":["post-717","page","type-page","status-publish","hentry"],"aioseo_notices":[],"_links":{"self":[{"href":"https:\/\/teamfuzzy.sk\/index.php?rest_route=\/wp\/v2\/pages\/717","targetHints":{"allow":["GET"]}}],"collection":[{"href":"https:\/\/teamfuzzy.sk\/index.php?rest_route=\/wp\/v2\/pages"}],"about":[{"href":"https:\/\/teamfuzzy.sk\/index.php?rest_route=\/wp\/v2\/types\/page"}],"author":[{"embeddable":true,"href":"https:\/\/teamfuzzy.sk\/index.php?rest_route=\/wp\/v2\/users\/1"}],"replies":[{"embeddable":true,"href":"https:\/\/teamfuzzy.sk\/index.php?rest_route=%2Fwp%2Fv2%2Fcomments&post=717"}],"version-history":[{"count":6,"href":"https:\/\/teamfuzzy.sk\/index.php?rest_route=\/wp\/v2\/pages\/717\/revisions"}],"predecessor-version":[{"id":852,"href":"https:\/\/teamfuzzy.sk\/index.php?rest_route=\/wp\/v2\/pages\/717\/revisions\/852"}],"wp:attachment":[{"href":"https:\/\/teamfuzzy.sk\/index.php?rest_route=%2Fwp%2Fv2%2Fmedia&parent=717"}],"curies":[{"name":"wp","href":"https:\/\/api.w.org\/{rel}","templated":true}]}}