{"id":819,"date":"2024-10-28T20:17:45","date_gmt":"2024-10-28T19:17:45","guid":{"rendered":"https:\/\/teamfuzzy.sk\/?page_id=819"},"modified":"2024-10-28T22:27:55","modified_gmt":"2024-10-28T21:27:55","slug":"nase-udalosti","status":"publish","type":"page","link":"https:\/\/teamfuzzy.sk\/?page_id=819","title":{"rendered":"Na\u0161e udalosti"},"content":{"rendered":"\n<figure class=\"wp-block-table is-style-stripes has-small-font-size\"><table><thead><tr><th><strong>D\u00e1tum<\/strong><\/th><th><strong>N\u00e1zov udalosti<\/strong><\/th><th><strong>Lokalita<\/strong><\/th><th><strong>Link na udalos\u0165<\/strong><\/th><\/tr><\/thead><tbody><tr><td>05.04.2025<\/td><td>Danube Dog Puller<\/td><td>Vojka nad Dunajom<\/td><td><a href=\"https:\/\/fb.me\/e\/eGL2QpodO\" target=\"_blank\" rel=\"noopener\" title=\"\">Facebook<\/a><\/td><\/tr><tr><td>01.12.2024<\/td><td>3. Halov\u00fd Dog Puller pretek<\/td><td>Pezinok<\/td><td><a href=\"https:\/\/fb.me\/e\/F8GjVgy98\" target=\"_blank\" rel=\"noopener\" title=\"\">Facebook<\/a><\/td><\/tr><tr><td><strong>22.11.2024<\/strong><\/td><td><strong>Viano\u010dn\u00fd AgiPull<\/strong><\/td><td><strong>Pezinok<\/strong><\/td><td><strong><a href=\"https:\/\/fb.me\/e\/1YtKOqOlT\" target=\"_blank\" rel=\"noopener\" title=\"\">Facebook<\/a><\/strong><\/td><\/tr><tr><td>19.10.2024<\/td><td>Dog Puller Semin\u00e1r<\/td><td>Modra<\/td><td><a href=\"https:\/\/fb.me\/e\/3WQ7Oy0Oe\" target=\"_blank\" rel=\"noopener\" title=\"\">Facebook<\/a><\/td><\/tr><tr><td>28.09.2024<\/td><td>Dog Puller Semin\u00e1r v Sabinove<\/td><td>Sabinov<\/td><td><a href=\"https:\/\/fb.me\/e\/1ZfN0QbWc\" target=\"_blank\" rel=\"noopener\" title=\"\">Facebook<\/a><\/td><\/tr><tr><td>31.08.2024<\/td><td>Dog Puller Semin\u00e1r vo Vojke nad Dunajom<\/td><td>Vojka nad Dunajom<\/td><td><a href=\"https:\/\/fb.me\/e\/46RWZpLzD\" target=\"_blank\" rel=\"noopener\" title=\"\">Facebook<\/a><\/td><\/tr><tr><td>11.08.2024<\/td><td>Majstrovstv\u00e1 Slovenska Dog Puller<\/td><td>Vojka nad Dunajom<\/td><td><a href=\"https:\/\/fb.me\/e\/7rx4Q3uA5\" target=\"_blank\" rel=\"noopener\" title=\"\">Facebook<\/a><\/td><\/tr><tr><td>14.06.2024<\/td><td>Dog Puller v\u00edkendov\u00fd t\u00e1bor<\/td><td>Dechtice<\/td><td><a href=\"https:\/\/fb.me\/e\/6DTBFs2rf\" target=\"_blank\" rel=\"noopener\" title=\"\">Facebook<\/a><\/td><\/tr><tr><td>02.06.2024<\/td><td>Sabinovsk\u00fd Dog Puller<\/td><td>Sabinov<\/td><td><a href=\"https:\/\/fb.me\/e\/3Qvp25J95\" target=\"_blank\" rel=\"noopener\" title=\"\">Facebook<\/a><\/td><\/tr><tr><td>01.06.2024<\/td><td>Dog Puller tr\u00e9ning v Sabinove<\/td><td>Sabinov<\/td><td><a href=\"https:\/\/fb.me\/e\/2BqabuAG8\" target=\"_blank\" rel=\"noopener\" title=\"\">Facebook<\/a><\/td><\/tr><tr><td><\/td><td><\/td><td><\/td><td><\/td><\/tr><\/tbody><\/table><\/figure>\n\n\n\n<div class=\"about-btn\"> <a href=\"https:\/\/teamfuzzy.sk\/#services\">nasp\u00e4\u0165<\/a><\/div>\n\n\n\n<p><\/p>\n","protected":false},"excerpt":{"rendered":"<p>D\u00e1tum N\u00e1zov udalosti Lokalita Link na udalos\u0165 05.04.2025 Danube Dog Puller Vojka nad Dunajom Facebook 01.12.2024 3. Halov\u00fd Dog Puller pretek Pezinok Facebook 22.11.2024 Viano\u010dn\u00fd<\/p>\n","protected":false},"author":1,"featured_media":0,"parent":0,"menu_order":0,"comment_status":"closed","ping_status":"closed","template":"","meta":{"om_disable_all_campaigns":false,"_monsterinsights_skip_tracking":false,"_monsterinsights_sitenote_active":false,"_monsterinsights_sitenote_note":"","_monsterinsights_sitenote_category":0,"footnotes":""},"class_list":["post-819","page","type-page","status-publish","hentry"],"aioseo_notices":[],"_links":{"self":[{"href":"https:\/\/teamfuzzy.sk\/index.php?rest_route=\/wp\/v2\/pages\/819","targetHints":{"allow":["GET"]}}],"collection":[{"href":"https:\/\/teamfuzzy.sk\/index.php?rest_route=\/wp\/v2\/pages"}],"about":[{"href":"https:\/\/teamfuzzy.sk\/index.php?rest_route=\/wp\/v2\/types\/page"}],"author":[{"embeddable":true,"href":"https:\/\/teamfuzzy.sk\/index.php?rest_route=\/wp\/v2\/users\/1"}],"replies":[{"embeddable":true,"href":"https:\/\/teamfuzzy.sk\/index.php?rest_route=%2Fwp%2Fv2%2Fcomments&post=819"}],"version-history":[{"count":6,"href":"https:\/\/teamfuzzy.sk\/index.php?rest_route=\/wp\/v2\/pages\/819\/revisions"}],"predecessor-version":[{"id":836,"href":"https:\/\/teamfuzzy.sk\/index.php?rest_route=\/wp\/v2\/pages\/819\/revisions\/836"}],"wp:attachment":[{"href":"https:\/\/teamfuzzy.sk\/index.php?rest_route=%2Fwp%2Fv2%2Fmedia&parent=819"}],"curies":[{"name":"wp","href":"https:\/\/api.w.org\/{rel}","templated":true}]}}